{"id":142,"date":"2021-05-11T14:54:46","date_gmt":"2021-05-11T12:54:46","guid":{"rendered":"http:\/\/tullesbjerg.dk.\/?page_id=142"},"modified":"2021-05-11T14:54:46","modified_gmt":"2021-05-11T12:54:46","slug":"eksempler-paa-arbejde-paa-aaroe","status":"publish","type":"page","link":"https:\/\/tullesbjerg.dk.\/?page_id=142","title":{"rendered":"Eksempler p\u00e5 arbejde p\u00e5 \u00c5r\u00f8"},"content":{"rendered":"\n<figure class=\"wp-block-gallery columns-3 is-cropped wp-block-gallery-1 is-layout-flex wp-block-gallery-is-layout-flex\"><ul class=\"blocks-gallery-grid\"><li class=\"blocks-gallery-item\"><figure><img loading=\"lazy\" decoding=\"async\" width=\"720\" height=\"960\" src=\"http:\/\/tullesbjerg.dk.\/wp-content\/uploads\/2021\/05\/cid_7f095b52-717b-477b-89c1-4a2fd938145d@hosting.jpg\" alt=\"\" data-id=\"143\" data-link=\"http:\/\/tullesbjerg.dk.\/?attachment_id=143\" class=\"wp-image-143\"\/><\/figure><\/li><li class=\"blocks-gallery-item\"><figure><img loading=\"lazy\" decoding=\"async\" width=\"720\" height=\"960\" src=\"http:\/\/tullesbjerg.dk.\/wp-content\/uploads\/2021\/05\/cid_31481ad4-5ac3-4b6e-9e6e-c76410ed95b8@hosting.jpg\" alt=\"\" data-id=\"144\" data-link=\"http:\/\/tullesbjerg.dk.\/?attachment_id=144\" class=\"wp-image-144\"\/><\/figure><\/li><li class=\"blocks-gallery-item\"><figure><img loading=\"lazy\" decoding=\"async\" width=\"720\" height=\"960\" src=\"http:\/\/tullesbjerg.dk.\/wp-content\/uploads\/2021\/05\/cid_c99888a9-69f8-4a65-80c5-fdaaf4800e1a@hosting.jpg\" alt=\"\" data-id=\"145\" data-link=\"http:\/\/tullesbjerg.dk.\/?attachment_id=145\" class=\"wp-image-145\"\/><\/figure><\/li><li class=\"blocks-gallery-item\"><figure><img loading=\"lazy\" decoding=\"async\" width=\"381\" height=\"509\" src=\"http:\/\/tullesbjerg.dk.\/wp-content\/uploads\/2021\/05\/cid_f8f1248f-60f5-4b28-b074-29fa21c08481@hosting.jpg\" alt=\"\" data-id=\"146\" data-link=\"http:\/\/tullesbjerg.dk.\/?attachment_id=146\" class=\"wp-image-146\"\/><\/figure><\/li><\/ul><\/figure>\n\n\n\n<figure class=\"wp-block-gallery columns-0 is-cropped wp-block-gallery-2 is-layout-flex wp-block-gallery-is-layout-flex\"><ul class=\"blocks-gallery-grid\"><\/ul><\/figure>\n","protected":false},"excerpt":{"rendered":"","protected":false},"author":1,"featured_media":0,"parent":0,"menu_order":0,"comment_status":"closed","ping_status":"closed","template":"","meta":{"_monsterinsights_skip_tracking":false,"_monsterinsights_sitenote_active":false,"_monsterinsights_sitenote_note":"","_monsterinsights_sitenote_category":0,"footnotes":""},"class_list":["post-142","page","type-page","status-publish","hentry"],"_links":{"self":[{"href":"https:\/\/tullesbjerg.dk.\/index.php?rest_route=\/wp\/v2\/pages\/142","targetHints":{"allow":["GET"]}}],"collection":[{"href":"https:\/\/tullesbjerg.dk.\/index.php?rest_route=\/wp\/v2\/pages"}],"about":[{"href":"https:\/\/tullesbjerg.dk.\/index.php?rest_route=\/wp\/v2\/types\/page"}],"author":[{"embeddable":true,"href":"https:\/\/tullesbjerg.dk.\/index.php?rest_route=\/wp\/v2\/users\/1"}],"replies":[{"embeddable":true,"href":"https:\/\/tullesbjerg.dk.\/index.php?rest_route=%2Fwp%2Fv2%2Fcomments&post=142"}],"version-history":[{"count":1,"href":"https:\/\/tullesbjerg.dk.\/index.php?rest_route=\/wp\/v2\/pages\/142\/revisions"}],"predecessor-version":[{"id":147,"href":"https:\/\/tullesbjerg.dk.\/index.php?rest_route=\/wp\/v2\/pages\/142\/revisions\/147"}],"wp:attachment":[{"href":"https:\/\/tullesbjerg.dk.\/index.php?rest_route=%2Fwp%2Fv2%2Fmedia&parent=142"}],"curies":[{"name":"wp","href":"https:\/\/api.w.org\/{rel}","templated":true}]}}