{"id":10,"date":"2021-02-07T16:17:55","date_gmt":"2021-02-07T15:17:55","guid":{"rendered":"http:\/\/tullesbjerg.dk.\/?page_id=10"},"modified":"2021-04-20T21:11:31","modified_gmt":"2021-04-20T19:11:31","slug":"entrepenoeren-paa-tullesbjerg","status":"publish","type":"page","link":"https:\/\/tullesbjerg.dk.\/","title":{"rendered":"Entrepen\u00f8ren p\u00e5 Tullesbjerg"},"content":{"rendered":"\n<h4 class=\"wp-block-heading\">Firmaet ejes af Bjarne Jensen og udf\u00f8rer diverse entrepren\u00f8r- og anl\u00e6gsopgaver.<\/h4>\n\n\n\n<h4 class=\"wp-block-heading\">Vores adresse: <span class=\"has-inline-color has-black-color\">Hejsager N\u00e6svej 115, 6100 Haderslev.<\/span><\/h4>\n\n\n<h4>Email:&nbsp; &nbsp;<a href=\"mailto:bjarne@tullesbjeg.dk\">bjarne@tullesbjerg.dk<\/a><\/h4>\n<h4>Telefon:&nbsp;<a href=\"tel:\/\/+4521772975\">+4521772975<\/a><\/h4>\n\n\n<h4 class=\"wp-block-heading\">Ring eller skriv til os p\u00e5 email og vi f\u00e5r en dr\u00f8ftelse af dine \u00f8nsker.<\/h4>\n\n\n\n<div class=\"wp-block-group is-layout-flow wp-block-group-is-layout-flow\"><div class=\"wp-block-group__inner-container\"><\/div><\/div>\n\n\n\n<div class=\"wp-block-columns is-layout-flex wp-container-core-columns-is-layout-9d6595d7 wp-block-columns-is-layout-flex\">\n<div class=\"wp-block-column is-layout-flow wp-block-column-is-layout-flow\">\n<figure class=\"wp-block-image size-large is-resized\"><img loading=\"lazy\" decoding=\"async\" src=\"http:\/\/tullesbjerg.dk.\/wp-content\/uploads\/2021\/04\/cid_0D015733-02A2-408C-9C63-29F19B37EFBB.jpg\" alt=\"\" class=\"wp-image-102\" width=\"297\" height=\"395\"\/><\/figure>\n<\/div>\n\n\n\n<div class=\"wp-block-column is-layout-flow wp-block-column-is-layout-flow\">\n<h2 class=\"wp-block-heading\">Se ogs\u00e5 vor Facebook side ved at klikke p\u00e5 facebook ikonet \u00f8verst til h\u00f8jre.<\/h2>\n<\/div>\n<\/div>\n","protected":false},"excerpt":{"rendered":"<p>Firmaet ejes af Bjarne Jensen og udf\u00f8rer diverse entrepren\u00f8r- og anl\u00e6gsopgaver. Vores adresse: Hejsager N\u00e6svej 115, 6100 Haderslev. Email:&nbsp; &nbsp;bjarne@tullesbjerg.dk Telefon:&nbsp;+4521772975 Ring eller skriv til os p\u00e5 email og vi f\u00e5r en dr\u00f8ftelse af dine \u00f8nsker. Se ogs\u00e5 vor Facebook side ved at klikke p\u00e5 facebook ikonet \u00f8verst til h\u00f8jre.<\/p>\n","protected":false},"author":1,"featured_media":0,"parent":0,"menu_order":0,"comment_status":"closed","ping_status":"closed","template":"","meta":{"_monsterinsights_skip_tracking":false,"_monsterinsights_sitenote_active":false,"_monsterinsights_sitenote_note":"","_monsterinsights_sitenote_category":0,"footnotes":""},"class_list":["post-10","page","type-page","status-publish","hentry"],"_links":{"self":[{"href":"https:\/\/tullesbjerg.dk.\/index.php?rest_route=\/wp\/v2\/pages\/10","targetHints":{"allow":["GET"]}}],"collection":[{"href":"https:\/\/tullesbjerg.dk.\/index.php?rest_route=\/wp\/v2\/pages"}],"about":[{"href":"https:\/\/tullesbjerg.dk.\/index.php?rest_route=\/wp\/v2\/types\/page"}],"author":[{"embeddable":true,"href":"https:\/\/tullesbjerg.dk.\/index.php?rest_route=\/wp\/v2\/users\/1"}],"replies":[{"embeddable":true,"href":"https:\/\/tullesbjerg.dk.\/index.php?rest_route=%2Fwp%2Fv2%2Fcomments&post=10"}],"version-history":[{"count":31,"href":"https:\/\/tullesbjerg.dk.\/index.php?rest_route=\/wp\/v2\/pages\/10\/revisions"}],"predecessor-version":[{"id":140,"href":"https:\/\/tullesbjerg.dk.\/index.php?rest_route=\/wp\/v2\/pages\/10\/revisions\/140"}],"wp:attachment":[{"href":"https:\/\/tullesbjerg.dk.\/index.php?rest_route=%2Fwp%2Fv2%2Fmedia&parent=10"}],"curies":[{"name":"wp","href":"https:\/\/api.w.org\/{rel}","templated":true}]}}